{"id":78,"date":"2022-02-05T21:35:20","date_gmt":"2022-02-05T21:35:20","guid":{"rendered":"https:\/\/zeltlager.at\/?page_id=78"},"modified":"2026-03-04T12:13:12","modified_gmt":"2026-03-04T12:13:12","slug":"kontodaten","status":"publish","type":"page","link":"https:\/\/zeltlager.at\/?page_id=78","title":{"rendered":"Kontodaten"},"content":{"rendered":"\n<p>Bankleitzahl: 20111 ERSTE BANK<br>IBAN: AT92 2011 1838 8890 9700<br>lautend auf: Freunde des Zeltlagers der Apostelgemeinde<\/p>\n\n\n\n<p class=\"has-text-align-left\"><strong>Preis 2026:<\/strong><br><strong>\u20ac 240,00<sup>*<\/sup>\u00a0ALL INCLUSIVE<\/strong><br>* Geschwister erhalten einen Familienrabatt (f\u00fcr jedes Kind ist eine eigene Anmeldung auszuf\u00fcllen)<br>1.Kind \u20ac 240,\u2013 2. Kind \u20ac 220,\u2013\u00a0 3. Kind \u20ac 200,\u2013\u00a0 jedes weitere Kind \u20ac 200,\u2013<\/p>\n\n\n\n<p class=\"has-text-align-left\">Leistungen: Fahrtkosten, Verpflegung (Fr\u00fchst\u00fcck, Mittagessen, Abendessen, Jause zwischendurch), Unterkunft in Zelten, diverse Eintritte und Betreuung durch ein langj\u00e4hrig erfahrenes Team.<\/p>\n","protected":false},"excerpt":{"rendered":"<p>Bankleitzahl: 20111 ERSTE BANKIBAN: AT92 2011 1838 8890 9700lautend auf: Freunde des Zeltlagers der Apostelgemeinde Preis 2026:\u20ac 240,00*\u00a0ALL INCLUSIVE* Geschwister erhalten einen Familienrabatt (f\u00fcr jedes Kind ist eine eigene Anmeldung auszuf\u00fcllen)1.Kind \u20ac 240,\u2013 2. Kind \u20ac 220,\u2013\u00a0 3. Kind \u20ac 200,\u2013\u00a0 jedes weitere Kind \u20ac 200,\u2013 Leistungen: Fahrtkosten, Verpflegung (Fr\u00fchst\u00fcck, Mittagessen, Abendessen, Jause zwischendurch), Unterkunft &hellip;<\/p>\n","protected":false},"author":2,"featured_media":0,"parent":0,"menu_order":0,"comment_status":"closed","ping_status":"closed","template":"","meta":{"footnotes":""},"class_list":["post-78","page","type-page","status-publish","hentry"],"_links":{"self":[{"href":"https:\/\/zeltlager.at\/index.php?rest_route=\/wp\/v2\/pages\/78","targetHints":{"allow":["GET"]}}],"collection":[{"href":"https:\/\/zeltlager.at\/index.php?rest_route=\/wp\/v2\/pages"}],"about":[{"href":"https:\/\/zeltlager.at\/index.php?rest_route=\/wp\/v2\/types\/page"}],"author":[{"embeddable":true,"href":"https:\/\/zeltlager.at\/index.php?rest_route=\/wp\/v2\/users\/2"}],"replies":[{"embeddable":true,"href":"https:\/\/zeltlager.at\/index.php?rest_route=%2Fwp%2Fv2%2Fcomments&post=78"}],"version-history":[{"count":6,"href":"https:\/\/zeltlager.at\/index.php?rest_route=\/wp\/v2\/pages\/78\/revisions"}],"predecessor-version":[{"id":402,"href":"https:\/\/zeltlager.at\/index.php?rest_route=\/wp\/v2\/pages\/78\/revisions\/402"}],"wp:attachment":[{"href":"https:\/\/zeltlager.at\/index.php?rest_route=%2Fwp%2Fv2%2Fmedia&parent=78"}],"curies":[{"name":"wp","href":"https:\/\/api.w.org\/{rel}","templated":true}]}}