{"id":26,"date":"2022-02-05T20:43:09","date_gmt":"2022-02-05T20:43:09","guid":{"rendered":"https:\/\/zeltlager.at\/?page_id=26"},"modified":"2026-03-04T12:12:25","modified_gmt":"2026-03-04T12:12:25","slug":"wie-was-wo","status":"publish","type":"page","link":"https:\/\/zeltlager.at\/?page_id=26","title":{"rendered":"Wie, Was, Wo?"},"content":{"rendered":"\n<p>Das Zeltlager ist f\u00fcr alle Abenteuerlustigen von <strong>8 bis 16 Jahren<\/strong> in den <strong>ersten 10 Tagen der Wiener Sommerferien<\/strong>. Die Abfahrt ist am Zeugnistag (der Wiener Schulen) um 13 Uhr vom <br>Salvatorianerplatz 1, 1100 Wien. <br><br>Man schl\u00e4ft in Zelten, tags\u00fcber gibt es Spiele und andere Aktivit\u00e4ten und abends wird beim Lagerfeuer gesungen. Gekocht wird \u00fcber dem Feuer und geduscht im Schwimmbad.<br>Auf Strom muss man verzichten, daf\u00fcr gibt es jede Menge Abwechslung bei Mutprobe, Nachtwanderung und Fantasy-Spiel.<br><br><strong>Wir fahren jedes Jahr auf eine andere Wiese in Nieder\u00f6sterreich.<\/strong><\/p>\n\n\n\n<p><strong>Kosten<\/strong>: siehe <a href=\"https:\/\/zeltlager.at\/?page_id=78\" data-type=\"page\" data-id=\"78\">Kontodaten<\/a><\/p>\n","protected":false},"excerpt":{"rendered":"<p>Das Zeltlager ist f\u00fcr alle Abenteuerlustigen von 8 bis 16 Jahren in den ersten 10 Tagen der Wiener Sommerferien. Die Abfahrt ist am Zeugnistag (der Wiener Schulen) um 13 Uhr vom Salvatorianerplatz 1, 1100 Wien. Man schl\u00e4ft in Zelten, tags\u00fcber gibt es Spiele und andere Aktivit\u00e4ten und abends wird beim Lagerfeuer gesungen. Gekocht wird \u00fcber &hellip;<\/p>\n","protected":false},"author":1,"featured_media":0,"parent":0,"menu_order":0,"comment_status":"closed","ping_status":"closed","template":"","meta":{"footnotes":""},"class_list":["post-26","page","type-page","status-publish","hentry"],"_links":{"self":[{"href":"https:\/\/zeltlager.at\/index.php?rest_route=\/wp\/v2\/pages\/26","targetHints":{"allow":["GET"]}}],"collection":[{"href":"https:\/\/zeltlager.at\/index.php?rest_route=\/wp\/v2\/pages"}],"about":[{"href":"https:\/\/zeltlager.at\/index.php?rest_route=\/wp\/v2\/types\/page"}],"author":[{"embeddable":true,"href":"https:\/\/zeltlager.at\/index.php?rest_route=\/wp\/v2\/users\/1"}],"replies":[{"embeddable":true,"href":"https:\/\/zeltlager.at\/index.php?rest_route=%2Fwp%2Fv2%2Fcomments&post=26"}],"version-history":[{"count":14,"href":"https:\/\/zeltlager.at\/index.php?rest_route=\/wp\/v2\/pages\/26\/revisions"}],"predecessor-version":[{"id":401,"href":"https:\/\/zeltlager.at\/index.php?rest_route=\/wp\/v2\/pages\/26\/revisions\/401"}],"wp:attachment":[{"href":"https:\/\/zeltlager.at\/index.php?rest_route=%2Fwp%2Fv2%2Fmedia&parent=26"}],"curies":[{"name":"wp","href":"https:\/\/api.w.org\/{rel}","templated":true}]}}