{"id":229,"date":"2023-05-31T20:13:40","date_gmt":"2023-05-31T20:13:40","guid":{"rendered":"https:\/\/zeltlager.at\/?page_id=229"},"modified":"2026-03-04T12:52:33","modified_gmt":"2026-03-04T12:52:33","slug":"merch","status":"publish","type":"page","link":"https:\/\/zeltlager.at\/?page_id=229","title":{"rendered":"Merch"},"content":{"rendered":"\n<p>Die <strong>Hoodies<\/strong> gibt es in den Farben bordeaux, navy, grau und jeansblau.<\/p>\n\n\n\n<ul class=\"wp-block-list\">\n<li>Kosten pro St\u00fcck: 25 \u20ac<\/li>\n\n\n\n<li>verf\u00fcgbare Gr\u00f6\u00dfen:\n<ul class=\"wp-block-list\">\n<li>Kinderschnitt: 152\/164 (12 Jahre)<\/li>\n\n\n\n<li>M\u00e4nnerschnitt: XS, S, M und L<\/li>\n<\/ul>\n<\/li>\n<\/ul>\n\n\n\n<figure class=\"wp-block-gallery has-nested-images columns-default is-cropped wp-block-gallery-1 is-layout-flex wp-block-gallery-is-layout-flex\">\n<figure class=\"wp-block-image size-large\"><img loading=\"lazy\" decoding=\"async\" width=\"1024\" height=\"341\" data-id=\"234\" src=\"https:\/\/zeltlager.at\/wp-content\/uploads\/2023\/05\/Picsart_23-05-31_22-01-08-962-1024x341.jpg\" alt=\"\" class=\"wp-image-234\" srcset=\"https:\/\/zeltlager.at\/wp-content\/uploads\/2023\/05\/Picsart_23-05-31_22-01-08-962-1024x341.jpg 1024w, https:\/\/zeltlager.at\/wp-content\/uploads\/2023\/05\/Picsart_23-05-31_22-01-08-962-300x100.jpg 300w, https:\/\/zeltlager.at\/wp-content\/uploads\/2023\/05\/Picsart_23-05-31_22-01-08-962-768x256.jpg 768w, https:\/\/zeltlager.at\/wp-content\/uploads\/2023\/05\/Picsart_23-05-31_22-01-08-962-1536x512.jpg 1536w, https:\/\/zeltlager.at\/wp-content\/uploads\/2023\/05\/Picsart_23-05-31_22-01-08-962-2048x683.jpg 2048w\" sizes=\"auto, (max-width: 1024px) 100vw, 1024px\" \/><\/figure>\n<\/figure>\n\n\n\n<hr class=\"wp-block-separator has-alpha-channel-opacity\"\/>\n\n\n\n<p>Die <strong>T-Shirts<\/strong> gibt es in der Farbe navy.<\/p>\n\n\n\n<ul class=\"wp-block-list\">\n<li>Kosten pro St\u00fcck: 12 \u20ac<\/li>\n\n\n\n<li>verf\u00fcgbare Gr\u00f6\u00dfen:\n<ul class=\"wp-block-list\">\n<li>Kinderschnitt: 158\/164 (12 Jahre), 146\/152 (10 Jahre) und 134\/140 (8 Jahre)<\/li>\n\n\n\n<li>M\u00e4nnerschnitt: S, M und L<\/li>\n\n\n\n<li>Damenschnitt: S und M<\/li>\n<\/ul>\n<\/li>\n<\/ul>\n\n\n\n<figure class=\"wp-block-gallery has-nested-images columns-default is-cropped wp-block-gallery-2 is-layout-flex wp-block-gallery-is-layout-flex\">\n<figure class=\"wp-block-image size-large\"><img loading=\"lazy\" decoding=\"async\" width=\"1024\" height=\"576\" data-id=\"236\" src=\"https:\/\/zeltlager.at\/wp-content\/uploads\/2023\/05\/Picsart_23-05-31_22-03-45-211-1-1024x576.jpg\" alt=\"\" class=\"wp-image-236\" srcset=\"https:\/\/zeltlager.at\/wp-content\/uploads\/2023\/05\/Picsart_23-05-31_22-03-45-211-1-1024x576.jpg 1024w, https:\/\/zeltlager.at\/wp-content\/uploads\/2023\/05\/Picsart_23-05-31_22-03-45-211-1-300x169.jpg 300w, https:\/\/zeltlager.at\/wp-content\/uploads\/2023\/05\/Picsart_23-05-31_22-03-45-211-1-768x432.jpg 768w, https:\/\/zeltlager.at\/wp-content\/uploads\/2023\/05\/Picsart_23-05-31_22-03-45-211-1-1536x864.jpg 1536w, https:\/\/zeltlager.at\/wp-content\/uploads\/2023\/05\/Picsart_23-05-31_22-03-45-211-1-2048x1152.jpg 2048w\" sizes=\"auto, (max-width: 1024px) 100vw, 1024px\" \/><\/figure>\n<\/figure>\n\n\n\n<hr class=\"wp-block-separator has-alpha-channel-opacity\"\/>\n\n\n\n<p><strong>Thermosflaschen<\/strong> personalisiert mit Namen.<\/p>\n\n\n\n<ul class=\"wp-block-list\">\n<li>Kosten pro St\u00fcck: 20 \u20ac<\/li>\n\n\n\n<li>Fassungsverm\u00f6gen: 500 ml<\/li>\n\n\n\n<li>Material: Edelstahl<\/li>\n<\/ul>\n\n\n\n<figure class=\"wp-block-gallery has-nested-images columns-default is-cropped wp-block-gallery-3 is-layout-flex wp-block-gallery-is-layout-flex\">\n<figure class=\"wp-block-image size-large\"><img loading=\"lazy\" decoding=\"async\" width=\"1024\" height=\"1024\" data-id=\"308\" src=\"https:\/\/zeltlager.at\/wp-content\/uploads\/2024\/04\/Picsart_24-04-26_01-11-57-078-edited-1024x1024.jpg\" alt=\"\" class=\"wp-image-308\" srcset=\"https:\/\/zeltlager.at\/wp-content\/uploads\/2024\/04\/Picsart_24-04-26_01-11-57-078-edited-1024x1024.jpg 1024w, https:\/\/zeltlager.at\/wp-content\/uploads\/2024\/04\/Picsart_24-04-26_01-11-57-078-edited-300x300.jpg 300w, https:\/\/zeltlager.at\/wp-content\/uploads\/2024\/04\/Picsart_24-04-26_01-11-57-078-edited-150x150.jpg 150w, https:\/\/zeltlager.at\/wp-content\/uploads\/2024\/04\/Picsart_24-04-26_01-11-57-078-edited-768x768.jpg 768w, https:\/\/zeltlager.at\/wp-content\/uploads\/2024\/04\/Picsart_24-04-26_01-11-57-078-edited-1536x1536.jpg 1536w, https:\/\/zeltlager.at\/wp-content\/uploads\/2024\/04\/Picsart_24-04-26_01-11-57-078-edited.jpg 1866w\" sizes=\"auto, (max-width: 1024px) 100vw, 1024px\" \/><\/figure>\n<\/figure>\n\n\n\n<hr class=\"wp-block-separator has-alpha-channel-opacity\"\/>\n","protected":false},"excerpt":{"rendered":"<p>Die Hoodies gibt es in den Farben bordeaux, navy, grau und jeansblau. Die T-Shirts gibt es in der Farbe navy. Thermosflaschen personalisiert mit Namen.<\/p>\n","protected":false},"author":2,"featured_media":0,"parent":0,"menu_order":0,"comment_status":"closed","ping_status":"closed","template":"","meta":{"footnotes":""},"class_list":["post-229","page","type-page","status-publish","hentry"],"_links":{"self":[{"href":"https:\/\/zeltlager.at\/index.php?rest_route=\/wp\/v2\/pages\/229","targetHints":{"allow":["GET"]}}],"collection":[{"href":"https:\/\/zeltlager.at\/index.php?rest_route=\/wp\/v2\/pages"}],"about":[{"href":"https:\/\/zeltlager.at\/index.php?rest_route=\/wp\/v2\/types\/page"}],"author":[{"embeddable":true,"href":"https:\/\/zeltlager.at\/index.php?rest_route=\/wp\/v2\/users\/2"}],"replies":[{"embeddable":true,"href":"https:\/\/zeltlager.at\/index.php?rest_route=%2Fwp%2Fv2%2Fcomments&post=229"}],"version-history":[{"count":16,"href":"https:\/\/zeltlager.at\/index.php?rest_route=\/wp\/v2\/pages\/229\/revisions"}],"predecessor-version":[{"id":411,"href":"https:\/\/zeltlager.at\/index.php?rest_route=\/wp\/v2\/pages\/229\/revisions\/411"}],"wp:attachment":[{"href":"https:\/\/zeltlager.at\/index.php?rest_route=%2Fwp%2Fv2%2Fmedia&parent=229"}],"curies":[{"name":"wp","href":"https:\/\/api.w.org\/{rel}","templated":true}]}}