{"id":163,"date":"2022-03-24T21:03:49","date_gmt":"2022-03-24T21:03:49","guid":{"rendered":"https:\/\/zeltlager.at\/?page_id=163"},"modified":"2025-01-27T20:19:34","modified_gmt":"2025-01-27T20:19:34","slug":"impressum","status":"publish","type":"page","link":"https:\/\/zeltlager.at\/?page_id=163","title":{"rendered":"Impressum"},"content":{"rendered":"\n<p>Freunde des Zeltlagers der Apostelgemeinde<\/p>\n\n\n\n<p>Obmann: Mag. Stephan Floderer<\/p>\n\n\n\n<p>Anschrift: Salvatorianerplatz 1, 1100 Wien, \u00d6sterreich<\/p>\n\n\n\n<p>E-Mail: stephan.floderer@zeltlager.at<\/p>\n\n\n\n<p>Aufsichtsbeh\u00f6rde: Bundespolizeidirektion Wien, B\u00fcro f\u00fcr Vereins- und Medienrechtsangelegenheiten<\/p>\n\n\n\n<p>Grundlegende Richtung des Webportals: Das Webportal dient der Information \u00fcber die von uns vertriebene Dienstleistung.<\/p>\n","protected":false},"excerpt":{"rendered":"<p>Freunde des Zeltlagers der Apostelgemeinde Obmann: Mag. Stephan Floderer Anschrift: Salvatorianerplatz 1, 1100 Wien, \u00d6sterreich E-Mail: stephan.floderer@zeltlager.at Aufsichtsbeh\u00f6rde: Bundespolizeidirektion Wien, B\u00fcro f\u00fcr Vereins- und Medienrechtsangelegenheiten Grundlegende Richtung des Webportals: Das Webportal dient der Information \u00fcber die von uns vertriebene Dienstleistung.<\/p>\n","protected":false},"author":2,"featured_media":0,"parent":0,"menu_order":0,"comment_status":"closed","ping_status":"closed","template":"","meta":{"footnotes":""},"class_list":["post-163","page","type-page","status-publish","hentry"],"_links":{"self":[{"href":"https:\/\/zeltlager.at\/index.php?rest_route=\/wp\/v2\/pages\/163","targetHints":{"allow":["GET"]}}],"collection":[{"href":"https:\/\/zeltlager.at\/index.php?rest_route=\/wp\/v2\/pages"}],"about":[{"href":"https:\/\/zeltlager.at\/index.php?rest_route=\/wp\/v2\/types\/page"}],"author":[{"embeddable":true,"href":"https:\/\/zeltlager.at\/index.php?rest_route=\/wp\/v2\/users\/2"}],"replies":[{"embeddable":true,"href":"https:\/\/zeltlager.at\/index.php?rest_route=%2Fwp%2Fv2%2Fcomments&post=163"}],"version-history":[{"count":5,"href":"https:\/\/zeltlager.at\/index.php?rest_route=\/wp\/v2\/pages\/163\/revisions"}],"predecessor-version":[{"id":350,"href":"https:\/\/zeltlager.at\/index.php?rest_route=\/wp\/v2\/pages\/163\/revisions\/350"}],"wp:attachment":[{"href":"https:\/\/zeltlager.at\/index.php?rest_route=%2Fwp%2Fv2%2Fmedia&parent=163"}],"curies":[{"name":"wp","href":"https:\/\/api.w.org\/{rel}","templated":true}]}}