{"id":111,"date":"2022-03-17T12:34:53","date_gmt":"2022-03-17T12:34:53","guid":{"rendered":"https:\/\/zeltlager.at\/?page_id=111"},"modified":"2026-03-04T12:24:17","modified_gmt":"2026-03-04T12:24:17","slug":"online-anmeldung","status":"publish","type":"page","link":"https:\/\/zeltlager.at\/?page_id=111","title":{"rendered":"Online Anmeldung"},"content":{"rendered":"\n<div class=\"wp-block-file\" style=\"padding-top:var(--wp--preset--spacing--20);padding-bottom:var(--wp--preset--spacing--20)\"><a id=\"wp-block-file--media-b4acf7f8-9ae5-4e04-8c1d-f331f49d87a0\" href=\"https:\/\/zeltlager.at\/wp-content\/uploads\/2026\/01\/Anmeldeformular_ZELA_-2026-1.pdf\"><strong>Infoblatt 2026<\/strong><\/a><\/div>\n\n\n<div class=\"wpforms-container wpforms-container-full wpforms-block wpforms-block-df8b90e5-9c74-4fa2-a84c-38dcbc7db18f\" id=\"wpforms-105\"><form id=\"wpforms-form-105\" class=\"wpforms-validate wpforms-form wpforms-ajax-form\" data-formid=\"105\" method=\"post\" enctype=\"multipart\/form-data\" action=\"\/index.php?rest_route=%2Fwp%2Fv2%2Fpages%2F111\" data-token=\"5cbd590fdd3830689adfb0020eda4be2\" data-token-time=\"1775903475\"><noscript class=\"wpforms-error-noscript\">Bitte aktiviere JavaScript in deinem Browser, um dieses Formular fertigzustellen.<\/noscript><div class=\"wpforms-field-container\"><div id=\"wpforms-105-field_4-container\" class=\"wpforms-field wpforms-field-text\" data-field-id=\"4\"><label class=\"wpforms-field-label\" for=\"wpforms-105-field_4\">Vorname des Kindes <span class=\"wpforms-required-label\">*<\/span><\/label><input type=\"text\" id=\"wpforms-105-field_4\" class=\"wpforms-field-medium wpforms-field-required\" name=\"wpforms[fields][4]\" required><\/div><div id=\"wpforms-105-field_5-container\" class=\"wpforms-field wpforms-field-text\" data-field-id=\"5\"><label class=\"wpforms-field-label\" for=\"wpforms-105-field_5\">Nachname des Kindes <span class=\"wpforms-required-label\">*<\/span><\/label><input type=\"text\" id=\"wpforms-105-field_5\" class=\"wpforms-field-medium wpforms-field-required\" name=\"wpforms[fields][5]\" required><\/div><div id=\"wpforms-105-field_16-container\" class=\"wpforms-field wpforms-field-text\" data-field-id=\"16\"><label class=\"wpforms-field-label\" for=\"wpforms-105-field_16\">Geburtsdatum des Kindes <span class=\"wpforms-required-label\">*<\/span><\/label><input type=\"text\" id=\"wpforms-105-field_16\" class=\"wpforms-field-medium wpforms-field-required\" name=\"wpforms[fields][16]\" required><\/div><div id=\"wpforms-105-field_1-container\" class=\"wpforms-field wpforms-field-email\" data-field-id=\"1\"><label class=\"wpforms-field-label\" for=\"wpforms-105-field_1\">E-Mail Adresse <span class=\"wpforms-required-label\">*<\/span><\/label><input type=\"email\" id=\"wpforms-105-field_1\" class=\"wpforms-field-medium wpforms-field-required\" name=\"wpforms[fields][1]\" spellcheck=\"false\" required><\/div><div id=\"wpforms-105-field_14-container\" class=\"wpforms-field wpforms-field-text\" data-field-id=\"14\"><label class=\"wpforms-field-label\" for=\"wpforms-105-field_14\">Adesse (Stra\u00dfe, Hausnummer, Postleitzahl, Ort) <span class=\"wpforms-required-label\">*<\/span><\/label><input type=\"text\" id=\"wpforms-105-field_14\" class=\"wpforms-field-medium wpforms-field-required\" name=\"wpforms[fields][14]\" required><\/div><div id=\"wpforms-105-field_8-container\" class=\"wpforms-field wpforms-field-text\" data-field-id=\"8\"><label class=\"wpforms-field-label\" for=\"wpforms-105-field_8\">Telefonnummer des Erziehungsberechtigten <span class=\"wpforms-required-label\">*<\/span><\/label><input type=\"text\" id=\"wpforms-105-field_8\" class=\"wpforms-field-medium wpforms-field-required\" name=\"wpforms[fields][8]\" required><\/div><div id=\"wpforms-105-field_10-container\" class=\"wpforms-field wpforms-field-text\" data-field-id=\"10\"><label class=\"wpforms-field-label\" for=\"wpforms-105-field_10\">Nachname des Erziehungsberechtigten <span class=\"wpforms-required-label\">*<\/span><\/label><input type=\"text\" id=\"wpforms-105-field_10\" class=\"wpforms-field-medium wpforms-field-required\" name=\"wpforms[fields][10]\" required><\/div><div id=\"wpforms-105-field_9-container\" class=\"wpforms-field wpforms-field-text\" data-field-id=\"9\"><label class=\"wpforms-field-label\" for=\"wpforms-105-field_9\">zweite Telefonnummer eines Erziehnungsberechtigten<\/label><input type=\"text\" id=\"wpforms-105-field_9\" class=\"wpforms-field-medium\" name=\"wpforms[fields][9]\" ><\/div><div id=\"wpforms-105-field_13-container\" class=\"wpforms-field wpforms-field-checkbox\" data-field-id=\"13\"><label class=\"wpforms-field-label\">Checkboxen <span class=\"wpforms-required-label\">*<\/span><\/label><ul id=\"wpforms-105-field_13\" class=\"wpforms-field-required\"><li class=\"choice-1 depth-1\"><input type=\"checkbox\" id=\"wpforms-105-field_13_1\" name=\"wpforms[fields][13][]\" value=\"Ich nehme zur Kenntnis, dass die Lagerleitung f\u00fcr Krankheit oder Sch\u00e4den, die durch h\u00f6here Gewalt oder durch Verschulden der Teilnehmerin\/des Teilnehmers entstehen, keine Haftung \u00fcbernimmt.\" required ><label class=\"wpforms-field-label-inline\" for=\"wpforms-105-field_13_1\">Ich nehme zur Kenntnis, dass die Lagerleitung f\u00fcr Krankheit oder Sch\u00e4den, die durch h\u00f6here Gewalt oder durch Verschulden der Teilnehmerin\/des Teilnehmers entstehen, keine Haftung \u00fcbernimmt.<\/label><\/li><li class=\"choice-5 depth-1\"><input type=\"checkbox\" id=\"wpforms-105-field_13_5\" name=\"wpforms[fields][13][]\" value=\"W\u00e4hrend der gesamten Dauer der Veranstaltung (inkl. Hin- und R\u00fcckfahrt) besteht f\u00fcr mein Kind absolutes Alkohol- und Rauchverbot. Ebenso sind Snus, tabakhaltige Beutel, Nikotinbeutel und \u00c4hnliches, sowie Energy-Drinks verboten.\" required ><label class=\"wpforms-field-label-inline\" for=\"wpforms-105-field_13_5\">W\u00e4hrend der gesamten Dauer der Veranstaltung (inkl. Hin- und R\u00fcckfahrt) besteht f\u00fcr mein Kind absolutes Alkohol- und Rauchverbot. Ebenso sind Snus, tabakhaltige Beutel, Nikotinbeutel und \u00c4hnliches, sowie Energy-Drinks verboten.<\/label><\/li><li class=\"choice-6 depth-1\"><input type=\"checkbox\" id=\"wpforms-105-field_13_6\" name=\"wpforms[fields][13][]\" value=\"Ich nehme zur Kenntnis, dass mein Kind bei schwerem disziplin\u00e4ren Fehlverhalten oder bei Krankheit bzw. Verletzung, von mir oder von einer anderen berechtigten Person innerhalb eines Tages, auf eigene Kosten, abgeholt werden muss.\" required ><label class=\"wpforms-field-label-inline\" for=\"wpforms-105-field_13_6\">Ich nehme zur Kenntnis, dass mein Kind bei schwerem disziplin\u00e4ren Fehlverhalten oder bei Krankheit bzw. Verletzung, von mir oder von einer anderen berechtigten Person innerhalb eines Tages, auf eigene Kosten, abgeholt werden muss.<\/label><\/li><li class=\"choice-7 depth-1\"><input type=\"checkbox\" id=\"wpforms-105-field_13_7\" name=\"wpforms[fields][13][]\" value=\"Ich bin damit einverstanden, dass mein Kind am Lager fotografiert wird und die Bilder auf unserer Homepage bzw. unseren Social Media-Accounts ver\u00f6ffentlicht werden.\" required ><label class=\"wpforms-field-label-inline\" for=\"wpforms-105-field_13_7\">Ich bin damit einverstanden, dass mein Kind am Lager fotografiert wird und die Bilder auf unserer Homepage bzw. unseren Social Media-Accounts ver\u00f6ffentlicht werden.<\/label><\/li><li class=\"choice-8 depth-1\"><input type=\"checkbox\" id=\"wpforms-105-field_13_8\" name=\"wpforms[fields][13][]\" value=\"Damit die Anmeldung verbindlich ist, bitten wir um \u00dcberweisung des Lagerbeitrags innerhalb von 14 Tagen.\" required ><label class=\"wpforms-field-label-inline\" for=\"wpforms-105-field_13_8\">Damit die Anmeldung verbindlich ist, bitten wir um \u00dcberweisung des Lagerbeitrags innerhalb von 14 Tagen.<\/label><\/li><\/ul><\/div><\/div><!-- .wpforms-field-container --><div class=\"wpforms-recaptcha-container wpforms-is-recaptcha wpforms-is-recaptcha-type-v2\" ><div class=\"g-recaptcha\" data-sitekey=\"6Ldt3OoeAAAAAND7TqhB5jGDFZzw-rtZC6WQjTur\"><\/div><input type=\"text\" name=\"g-recaptcha-hidden\" class=\"wpforms-recaptcha-hidden\" style=\"position:absolute!important;clip:rect(0,0,0,0)!important;height:1px!important;width:1px!important;border:0!important;overflow:hidden!important;padding:0!important;margin:0!important;\" data-rule-recaptcha=\"1\"><\/div><div class=\"wpforms-submit-container\" ><input type=\"hidden\" name=\"wpforms[id]\" value=\"105\"><input type=\"hidden\" name=\"page_title\" value=\"\"><input type=\"hidden\" name=\"page_url\" value=\"https:\/\/zeltlager.at\/index.php?rest_route=\/wp\/v2\/pages\/111\"><input type=\"hidden\" name=\"url_referer\" value=\"\"><button type=\"submit\" name=\"wpforms[submit]\" id=\"wpforms-submit-105\" class=\"wpforms-submit\" data-alt-text=\"Senden\u2026\" data-submit-text=\"Absenden\" aria-live=\"assertive\" value=\"wpforms-submit\">Absenden<\/button><img loading=\"lazy\" decoding=\"async\" src=\"https:\/\/zeltlager.at\/wp-content\/plugins\/wpforms-lite\/assets\/images\/submit-spin.svg\" class=\"wpforms-submit-spinner\" style=\"display: none;\" width=\"26\" height=\"26\" alt=\"Wird geladen\"><\/div><\/form><\/div>  <!-- .wpforms-container -->","protected":false},"excerpt":{"rendered":"","protected":false},"author":2,"featured_media":0,"parent":0,"menu_order":0,"comment_status":"closed","ping_status":"closed","template":"","meta":{"footnotes":""},"class_list":["post-111","page","type-page","status-publish","hentry"],"_links":{"self":[{"href":"https:\/\/zeltlager.at\/index.php?rest_route=\/wp\/v2\/pages\/111","targetHints":{"allow":["GET"]}}],"collection":[{"href":"https:\/\/zeltlager.at\/index.php?rest_route=\/wp\/v2\/pages"}],"about":[{"href":"https:\/\/zeltlager.at\/index.php?rest_route=\/wp\/v2\/types\/page"}],"author":[{"embeddable":true,"href":"https:\/\/zeltlager.at\/index.php?rest_route=\/wp\/v2\/users\/2"}],"replies":[{"embeddable":true,"href":"https:\/\/zeltlager.at\/index.php?rest_route=%2Fwp%2Fv2%2Fcomments&post=111"}],"version-history":[{"count":11,"href":"https:\/\/zeltlager.at\/index.php?rest_route=\/wp\/v2\/pages\/111\/revisions"}],"predecessor-version":[{"id":403,"href":"https:\/\/zeltlager.at\/index.php?rest_route=\/wp\/v2\/pages\/111\/revisions\/403"}],"wp:attachment":[{"href":"https:\/\/zeltlager.at\/index.php?rest_route=%2Fwp%2Fv2%2Fmedia&parent=111"}],"curies":[{"name":"wp","href":"https:\/\/api.w.org\/{rel}","templated":true}]}}